{"id":10064,"date":"2022-02-22T11:43:38","date_gmt":"2022-02-22T10:43:38","guid":{"rendered":"https:\/\/cpablitas.educacion.navarra.es\/web\/?page_id=10064"},"modified":"2024-05-02T23:11:13","modified_gmt":"2024-05-02T21:11:13","slug":"oferta-educativa-y-matriculacion","status":"publish","type":"page","link":"https:\/\/cpablitas.educacion.navarra.es\/web\/oferta-educativa-y-matriculacion\/","title":{"rendered":"Oferta Educativa y Matriculaci\u00f3n"},"content":{"rendered":"\n<p><\/p>\n\n\n\n<p><strong><mark style=\"background-color:rgba(0, 0, 0, 0)\" class=\"has-inline-color has-vivid-cyan-blue-color\"><a rel=\"noreferrer noopener\" href=\"https:\/\/www.educacion.navarra.es\/web\/dpto\/escolarizacion\" target=\"_blank\">Normativa de Admisi\u00f3n del Alumnado<\/a><\/mark><\/strong><\/p>\n\n\n\n<p><strong><a rel=\"noreferrer noopener\" href=\"https:\/\/preinscripcion.navarra.es\/es\/inicio\" target=\"_blank\">Prematr\u00edcula<\/a><\/strong><\/p>\n\n\n\n<p><mark style=\"background-color:rgba(0, 0, 0, 0)\" class=\"has-inline-color has-vivid-cyan-blue-color\"><strong><a rel=\"noreferrer noopener\" href=\"https:\/\/www.educacion.navarra.es\/web\/dpto\/profesorado\/curriculos-y-normativa\/infantil-y-primaria\" target=\"_blank\">Curr\u00edculos y Normativa de Educaci\u00f3n Infantil y Educaci\u00f3n Primaria<\/a><\/strong><\/mark><\/p>\n","protected":false},"excerpt":{"rendered":"<p>Normativa de Admisi\u00f3n del Alumnado Prematr\u00edcula Curr\u00edculos y Normativa de Educaci\u00f3n Infantil y Educaci\u00f3n Primaria<\/p>\n","protected":false},"author":6,"featured_media":0,"parent":0,"menu_order":0,"comment_status":"closed","ping_status":"closed","template":"","meta":{"_genesis_hide_title":false,"_genesis_hide_breadcrumbs":false,"_genesis_hide_singular_image":false,"_genesis_hide_footer_widgets":false,"_genesis_custom_body_class":"","_genesis_custom_post_class":"","_genesis_layout":""},"_links":{"self":[{"href":"https:\/\/cpablitas.educacion.navarra.es\/web\/wp-json\/wp\/v2\/pages\/10064"}],"collection":[{"href":"https:\/\/cpablitas.educacion.navarra.es\/web\/wp-json\/wp\/v2\/pages"}],"about":[{"href":"https:\/\/cpablitas.educacion.navarra.es\/web\/wp-json\/wp\/v2\/types\/page"}],"author":[{"embeddable":true,"href":"https:\/\/cpablitas.educacion.navarra.es\/web\/wp-json\/wp\/v2\/users\/6"}],"replies":[{"embeddable":true,"href":"https:\/\/cpablitas.educacion.navarra.es\/web\/wp-json\/wp\/v2\/comments?post=10064"}],"version-history":[{"count":7,"href":"https:\/\/cpablitas.educacion.navarra.es\/web\/wp-json\/wp\/v2\/pages\/10064\/revisions"}],"predecessor-version":[{"id":10615,"href":"https:\/\/cpablitas.educacion.navarra.es\/web\/wp-json\/wp\/v2\/pages\/10064\/revisions\/10615"}],"wp:attachment":[{"href":"https:\/\/cpablitas.educacion.navarra.es\/web\/wp-json\/wp\/v2\/media?parent=10064"}],"curies":[{"name":"wp","href":"https:\/\/api.w.org\/{rel}","templated":true}]}}