{"id":3979,"date":"2013-04-07T22:58:01","date_gmt":"2013-04-07T20:58:01","guid":{"rendered":"http:\/\/cpablitas.educacion.navarra.es\/blog\/?page_id=3979"},"modified":"2025-09-15T08:58:38","modified_gmt":"2025-09-15T06:58:38","slug":"documentos-del-centro","status":"publish","type":"page","link":"https:\/\/cpablitas.educacion.navarra.es\/web\/documentos-del-centro\/","title":{"rendered":"FAMILIAS"},"content":{"rendered":"<p><strong>Estos son los <span style=\"color: #800080;\">documentos del centro<\/span> que os pueden interesar:<\/strong><\/p>\n<ul>\n<li>\n<h3><span style=\"color: #000000;\"><a style=\"color: #000000;\" href=\"https:\/\/docs.google.com\/document\/d\/e\/2PACX-1vRKCh7w7f3tYRjrC45Oi9DdGXCYYvcsAZwerp19bWldLKu3QMYjceQLkDxj2kvYzMmaY6Mpfj1Xcit3\/pub\" target=\"_blank\" rel=\"noopener\"><strong>Gu\u00eda para las Familias<\/strong><\/a><strong>.<\/strong><\/span><\/h3>\n<\/li>\n<li>\n<h4><span style=\"color: #000000;\"><a style=\"color: #000000;\" href=\"https:\/\/docs.google.com\/document\/d\/e\/2PACX-1vSOKwMtdIJw1uii7q7rCGq8_9gotRE4WNuZcwYmEbXFdQMzDkmnw4XzoBANC6dk-_MyYl5WgbSmb3gJ\/pub\" target=\"_blank\" rel=\"noopener noreferrer\">Misi\u00f3n, visi\u00f3n y valores<\/a>.<\/span><\/h4>\n<\/li>\n<li>\n<h4><span style=\"color: #000000;\"><a style=\"color: #000000;\" href=\"https:\/\/docs.google.com\/document\/d\/e\/2PACX-1vQbvCPSs8Cp9jpYX-p45H58uxIqtzT0TjztrEdugfsl6imiTV45xwM8NKyoEUWy2-8LZXc7lUhDREGX\/pub\" target=\"_blank\" rel=\"noopener\">Normativa de Funcionamiento del Centro<\/a>.<\/span><\/h4>\n<\/li>\n<li>\n<h4><span style=\"color: #000000;\"><a style=\"color: #000000;\" href=\"https:\/\/docs.google.com\/document\/d\/e\/2PACX-1vRwRDPCpwUNnmdqLGWcqeZzwje6wh4aqwp7CEU3cwKfn8k3AkCarOM1libkZgqg-2bvk1z-bVyKTkK6\/pub\" target=\"_blank\" rel=\"noopener\">Plan de Convivencia e Igualdad<\/a>.\u00a0 \u00a0<\/span><\/h4>\n<\/li>\n<li>\n<h4><span style=\"color: #000000;\"><a style=\"color: #000000;\" href=\"https:\/\/docs.google.com\/spreadsheets\/d\/e\/2PACX-1vSrrauur6fQifA5UYUC_jyQJzVkmgVKi-KGE-dsDFu4Y0CHzVZuBF6rJmh3DTpuqbkIOVGwEF2Wc6Gq\/pubhtml\" target=\"_blank\" rel=\"noopener\">Plan de Identidad Coeducadora<\/a>.<\/span><\/h4>\n<\/li>\n<li>\n<h4><span style=\"color: #000000;\"><a style=\"color: #000000;\" href=\"https:\/\/docs.google.com\/document\/d\/e\/2PACX-1vSX6Uw1DT63oHiGKcJ-vVkBHOfENnfpU9FCmiNHz5y-hFoKxB5oaQ1m0482fXlKgJrL3xvwWk3I6xJc\/pub\" target=\"_blank\" rel=\"noopener\">Reglamento de Convivencia<\/a><strong>.\u00a0 <\/strong><strong>(<em>Actualizado en noviembre de 2022<\/em>)<\/strong><\/span><\/h4>\n<\/li>\n<li>\n<h4><span style=\"color: #000000;\"><a style=\"color: #000000;\" href=\"https:\/\/docs.google.com\/document\/d\/e\/2PACX-1vQUr0z18fev68KSh92ZeQQdlJXh5mcnw5AjlCymat-RZQXEoVqDJLVp7bBOl9eq_X-I4uyZaRGNtgrZ\/pub\" target=\"_blank\" rel=\"noopener\">Privacidad de Datos<\/a>.<\/span><\/h4>\n<\/li>\n<li>\n<h4><span style=\"color: #000000;\"><a href=\"https:\/\/docs.google.com\/spreadsheets\/d\/e\/2PACX-1vR2iaaVKzya3Zv0T14KYgvqI44JOcXgYGsAB9R33yx3pkjr_viiwb94X6RJsRCVvoEchd7Kf_XM-pTl\/pubhtml\" target=\"_blank\" rel=\"noopener\">Especificaciones de Curso<\/a>.<strong> (<em>Curso 2025\/2026<\/em>)<\/strong><\/span><\/h4>\n<\/li>\n<li>\n<h4><span style=\"color: #000000;\"><a style=\"color: #000000;\" href=\"https:\/\/docs.google.com\/spreadsheets\/d\/e\/2PACX-1vQ5lv8XF9--Iz-Q_8M2F_7mS_UPYlpZzoS1MR99JO_wrceIOmgfrXPXtAHVzUQE7KiKBHBN6XgWOmny\/pubhtml\" target=\"_blank\" rel=\"noopener\">Listado de Libros y Materiales.<\/a><strong> (<em>Curso 2025\/2026<\/em>)<\/strong><\/span><\/h4>\n<\/li>\n<li>\n<h4><span style=\"color: #000000;\"><a href=\"https:\/\/sites.google.com\/view\/sgdreuniones\/reuniones-generales-principio-de-curso\" target=\"_blank\" rel=\"noopener\">Presentaciones de las Reuniones Generales de Principio de Curso<\/a><strong>.<\/strong><strong> (<\/strong><\/span><em><span style=\"color: #000000;\"><strong>Curso 2025\/2026<\/strong><\/span><\/em><span style=\"color: #000000;\"><strong>)<\/strong><\/span><\/h4>\n<\/li>\n<li>\n<h4><span style=\"color: #000000;\">Encuesta de Satisfacci\u00f3n de las Familias con las Reuniones Generales <strong>(Por correo &#8211; <em>Septiembre 2025<\/em>)<\/strong><\/span><\/h4>\n<\/li>\n<li>\n<h4><span style=\"color: #000000;\">Encuesta de Satisfacci\u00f3n de las Familias en Castellano<strong> \u00a0(<\/strong><\/span><span style=\"color: #000000;\"><strong>Por correo &#8211; <\/strong><\/span><span style=\"color: #000000;\"><strong><em>Febrero 2025<\/em>)<\/strong><\/span><\/h4>\n<\/li>\n<li>\n<h4><span style=\"color: #000000;\">Encuesta de Satisfacci\u00f3n de las Familias en \u00c1rabe \/ <i>\u00a0\u0625\u0631\u0636\u0627\u0621 \u0627\u0644\u0623\u0633\u0631\u0629<\/i> <strong>\u00a0(<\/strong><\/span><span style=\"color: #000000;\"><strong>Por correo &#8211; <\/strong><\/span><span style=\"color: #000000;\"><em><strong>Febrero 2025<\/strong><\/em><strong>)<\/strong><\/span><\/h4>\n<\/li>\n<li>\n<h4><span style=\"color: #000000;\"><a style=\"color: #000000;\" href=\"https:\/\/docs.google.com\/forms\/d\/e\/1FAIpQLSfb1O7qeI6w_Qp7MxPrnh-cxHVU7nZkscalLbG_xirAjTAT9Q\/viewform\" target=\"_blank\" rel=\"noopener\">Sugerencias, Quejas, Reclamaciones y Felicitaciones<\/a> (<strong>SQRF<\/strong>)<\/span><\/h4>\n<\/li>\n<\/ul>\n\n\n<p><\/p>\n","protected":false},"excerpt":{"rendered":"<p>Estos son los documentos del centro que os pueden interesar: Gu\u00eda para las Familias. Misi\u00f3n, visi\u00f3n y valores. Normativa de Funcionamiento del Centro. Plan de Convivencia e Igualdad.\u00a0 \u00a0 Plan de Identidad Coeducadora. Reglamento de Convivencia.\u00a0 (Actualizado en noviembre de 2022) Privacidad de Datos. Especificaciones de Curso. (Curso 2025\/2026) Listado de Libros y Materiales. (Curso [&hellip;]<\/p>\n","protected":false},"author":6,"featured_media":0,"parent":0,"menu_order":1,"comment_status":"open","ping_status":"closed","template":"","meta":{"_genesis_hide_title":false,"_genesis_hide_breadcrumbs":false,"_genesis_hide_singular_image":false,"_genesis_hide_footer_widgets":false,"_genesis_custom_body_class":"","_genesis_custom_post_class":"","_genesis_layout":""},"_links":{"self":[{"href":"https:\/\/cpablitas.educacion.navarra.es\/web\/wp-json\/wp\/v2\/pages\/3979"}],"collection":[{"href":"https:\/\/cpablitas.educacion.navarra.es\/web\/wp-json\/wp\/v2\/pages"}],"about":[{"href":"https:\/\/cpablitas.educacion.navarra.es\/web\/wp-json\/wp\/v2\/types\/page"}],"author":[{"embeddable":true,"href":"https:\/\/cpablitas.educacion.navarra.es\/web\/wp-json\/wp\/v2\/users\/6"}],"replies":[{"embeddable":true,"href":"https:\/\/cpablitas.educacion.navarra.es\/web\/wp-json\/wp\/v2\/comments?post=3979"}],"version-history":[{"count":91,"href":"https:\/\/cpablitas.educacion.navarra.es\/web\/wp-json\/wp\/v2\/pages\/3979\/revisions"}],"predecessor-version":[{"id":10788,"href":"https:\/\/cpablitas.educacion.navarra.es\/web\/wp-json\/wp\/v2\/pages\/3979\/revisions\/10788"}],"wp:attachment":[{"href":"https:\/\/cpablitas.educacion.navarra.es\/web\/wp-json\/wp\/v2\/media?parent=3979"}],"curies":[{"name":"wp","href":"https:\/\/api.w.org\/{rel}","templated":true}]}}