{"id":8477,"date":"2016-10-01T14:59:22","date_gmt":"2016-10-01T12:59:22","guid":{"rendered":"http:\/\/cpablitas.educacion.navarra.es\/web\/?page_id=8477"},"modified":"2016-10-01T15:00:54","modified_gmt":"2016-10-01T13:00:54","slug":"biblioteca-del-centro","status":"publish","type":"page","link":"https:\/\/cpablitas.educacion.navarra.es\/web\/biblioteca-del-centro\/","title":{"rendered":"BIBLIOTECA DEL CENTRO"},"content":{"rendered":"<pre style=\"text-align: center;\">La <strong>Biblioteca<\/strong> del centro estar\u00e1 abierta para el pr\u00e9stamo de libros, los <strong>jueves de 10:40h a 11:10h<\/strong>, coincidiendo con el recreo desde el <strong>6 de octubre hasta el 25 de Mayo<\/strong>.<\/pre>\n<p style=\"text-align: center;\"><span style=\"color: #33cccc;\"><strong><u>NORMAS\u00a0<\/u><\/strong><strong><u>DE LA BIBLIOTECA<\/u><\/strong><\/span><\/p>\n<ol>\n<li><span style=\"color: #3366ff;\">SI HABLAS QUE SEA BAJITO, PARA NO MOLESTAR A LOS DEM\u00c1S.<\/span><\/li>\n<\/ol>\n<ol start=\"2\">\n<li><span style=\"color: #ff0000;\">ALMORZAMOS EN EL PATIO, NO EN LA BIBLIOTECA.<\/span><\/li>\n<\/ol>\n<ol start=\"3\">\n<li><span style=\"color: #993366;\">HACEMOS CASO A LOS RESPONSABLES DE LA BIBLIOTECA, LES PEDIMOS AYUDA Y LES CONSULTAMOS NUESTRAS DUDAS.<\/span><\/li>\n<\/ol>\n<ol start=\"4\">\n<li><span style=\"color: #cc99ff;\">SI QUIERES LLEVAR UN LIBRO A CASA, PASA POR EL ORDENADOR PARA REGISTRAR EL PR\u00c9STAMO Y DEVOLVER EL QUE TE HAS LLEVADO A CASA.<\/span><\/li>\n<\/ol>\n<ol start=\"5\">\n<li><span style=\"color: #99cc00;\">S\u00d3LO PUEDES TENER EL LIBRO EN CASA 15 D\u00cdAS. SI NECESITAS M\u00c1S TIEMPO, LO PRORROGAMOS.<\/span><\/li>\n<\/ol>\n<ol start=\"6\">\n<li><span style=\"color: #808080;\">LOS LIBROS EST\u00c1N ORDENADOS. CUANDO CONSULTES UN LIBRO, COL\u00d3CALO EN EL MISMO SITIO. SINO RECUERDAS DONDE ESTABA, LO DEJAS EN LA MESA PARA QUE LOS RESPONSABLES\u00a0\u00a0 LO \u00a0\u00a0\u00a0ORDENEN.<\/span><\/li>\n<\/ol>\n<ol start=\"7\">\n<li><span style=\"color: #ff6600;\">CUIDA SIEMPRE LOS LIBROS. NO DOBLES SUS P\u00c1GINAS, NO LOS PINTES Y NO LOS DEJES ABANDONADOS EN TU CASA.<\/span><\/li>\n<\/ol>\n<ol start=\"8\">\n<li><span style=\"color: #0000ff;\">LOS LIBROS DETERIORADOS O PERDIDOS DEBER\u00c1N SER REPUESTOS POR UNO IGUAL O PARECIDO.<\/span><\/li>\n<\/ol>\n","protected":false},"excerpt":{"rendered":"<p>La Biblioteca del centro estar\u00e1 abierta para el pr\u00e9stamo de libros, los jueves de 10:40h a 11:10h, coincidiendo con el recreo desde el 6 de octubre hasta el 25 de Mayo. NORMAS\u00a0DE LA BIBLIOTECA SI HABLAS QUE SEA BAJITO, PARA NO MOLESTAR A LOS DEM\u00c1S. ALMORZAMOS EN EL PATIO, NO EN LA BIBLIOTECA. HACEMOS CASO [&hellip;]<\/p>\n","protected":false},"author":8,"featured_media":0,"parent":0,"menu_order":0,"comment_status":"closed","ping_status":"closed","template":"","meta":{"_genesis_hide_title":false,"_genesis_hide_breadcrumbs":false,"_genesis_hide_singular_image":false,"_genesis_hide_footer_widgets":false,"_genesis_custom_body_class":"","_genesis_custom_post_class":"","_genesis_layout":""},"_links":{"self":[{"href":"https:\/\/cpablitas.educacion.navarra.es\/web\/wp-json\/wp\/v2\/pages\/8477"}],"collection":[{"href":"https:\/\/cpablitas.educacion.navarra.es\/web\/wp-json\/wp\/v2\/pages"}],"about":[{"href":"https:\/\/cpablitas.educacion.navarra.es\/web\/wp-json\/wp\/v2\/types\/page"}],"author":[{"embeddable":true,"href":"https:\/\/cpablitas.educacion.navarra.es\/web\/wp-json\/wp\/v2\/users\/8"}],"replies":[{"embeddable":true,"href":"https:\/\/cpablitas.educacion.navarra.es\/web\/wp-json\/wp\/v2\/comments?post=8477"}],"version-history":[{"count":2,"href":"https:\/\/cpablitas.educacion.navarra.es\/web\/wp-json\/wp\/v2\/pages\/8477\/revisions"}],"predecessor-version":[{"id":8479,"href":"https:\/\/cpablitas.educacion.navarra.es\/web\/wp-json\/wp\/v2\/pages\/8477\/revisions\/8479"}],"wp:attachment":[{"href":"https:\/\/cpablitas.educacion.navarra.es\/web\/wp-json\/wp\/v2\/media?parent=8477"}],"curies":[{"name":"wp","href":"https:\/\/api.w.org\/{rel}","templated":true}]}}