{"id":8977,"date":"2017-05-02T09:41:15","date_gmt":"2017-05-02T07:41:15","guid":{"rendered":"http:\/\/cpablitas.educacion.navarra.es\/web\/?page_id=8977"},"modified":"2024-11-19T10:45:28","modified_gmt":"2024-11-19T09:45:28","slug":"carta-de-servicios","status":"publish","type":"page","link":"https:\/\/cpablitas.educacion.navarra.es\/web\/carta-de-servicios\/","title":{"rendered":"Informaci\u00f3n del Centro"},"content":{"rendered":"\n<p><\/p>\n\n\n\n<ul><li><strong><a rel=\"noreferrer noopener\" href=\"https:\/\/docs.google.com\/document\/d\/e\/2PACX-1vRbIgWDvi_gGaUNdn5bkkRg_CiyJvlCdSKoJP3iabhqgRS46_mPIju10WA1tqv3VOqEOMNbhgUxOsbJ\/pub\" target=\"_blank\">\u00d3rganos de Gobierno del CPEIP San Babil de Ablitas.<\/a><\/strong><\/li><\/ul>\n\n\n\n<p><\/p>\n\n\n\n<ul><li><a rel=\"noreferrer noopener\" href=\"https:\/\/docs.google.com\/document\/d\/e\/2PACX-1vRwRDPCpwUNnmdqLGWcqeZzwje6wh4aqwp7CEU3cwKfn8k3AkCarOM1libkZgqg-2bvk1z-bVyKTkK6\/pub\" target=\"_blank\"><strong>Plan de Convivencia e Igualdad<\/strong><\/a><\/li><\/ul>\n\n\n\n<p><\/p>\n\n\n\n<ul><li><a rel=\"noreferrer noopener\" href=\"https:\/\/docs.google.com\/spreadsheets\/d\/e\/2PACX-1vSrrauur6fQifA5UYUC_jyQJzVkmgVKi-KGE-dsDFu4Y0CHzVZuBF6rJmh3DTpuqbkIOVGwEF2Wc6Gq\/pubhtml\" target=\"_blank\"><strong>Plan de Identidad Coeducadora<\/strong><\/a><\/li><\/ul>\n\n\n\n<p><\/p>\n\n\n\n<p><strong>Resultados<\/strong> de las <strong>Encuestas de Satisfacci\u00f3n<\/strong>:<\/p>\n\n\n\n<p><a href=\"https:\/\/docs.google.com\/spreadsheets\/d\/e\/2PACX-1vTZJH8HowR99N6dzRpNeg0SAzyIGNatCICJBaiKdpKEPM7UOpuMdfTg8oXUfmvJDgdXE2ncYNB1pX8U\/pubhtml?gid=58665120&amp;single=true\" target=\"_blank\" rel=\"noreferrer noopener\">Satisfacci\u00f3n del alumnado<\/a><\/p>\n\n\n\n<p><a href=\"https:\/\/docs.google.com\/spreadsheets\/d\/e\/2PACX-1vQj137YhGO4WZJXPssdi4hErQ7ZcJmYlN9Njslfu5ERbzTmsge6UqHW-82xt2XTMhTZ5ex6z_Jd8cou\/pubhtml?gid=58665120&amp;single=true\" target=\"_blank\" rel=\"noreferrer noopener\">Satisfacci\u00f3n del profesorado<\/a><\/p>\n\n\n\n<p><a href=\"https:\/\/docs.google.com\/spreadsheets\/d\/e\/2PACX-1vTqzNtt148j5Y893m4VP9cqvBbOnwRp0vWBrL0z_V828bMmv6QnsRZdhxnpPU0DnMyjPQ2UhbmkMqXW\/pubhtml?gid=58665120&amp;single=true\" target=\"_blank\" rel=\"noreferrer noopener\">Satisfacci\u00f3n de las familias<\/a><\/p>\n\n\n\n<p><\/p>\n","protected":false},"excerpt":{"rendered":"<p>\u00d3rganos de Gobierno del CPEIP San Babil de Ablitas. Plan de Convivencia e Igualdad Plan de Identidad Coeducadora Resultados de las Encuestas de Satisfacci\u00f3n: Satisfacci\u00f3n del alumnado Satisfacci\u00f3n del profesorado Satisfacci\u00f3n de las familias<\/p>\n","protected":false},"author":6,"featured_media":0,"parent":0,"menu_order":0,"comment_status":"closed","ping_status":"closed","template":"","meta":{"_genesis_hide_title":false,"_genesis_hide_breadcrumbs":false,"_genesis_hide_singular_image":false,"_genesis_hide_footer_widgets":false,"_genesis_custom_body_class":"","_genesis_custom_post_class":"","_genesis_layout":""},"_links":{"self":[{"href":"https:\/\/cpablitas.educacion.navarra.es\/web\/wp-json\/wp\/v2\/pages\/8977"}],"collection":[{"href":"https:\/\/cpablitas.educacion.navarra.es\/web\/wp-json\/wp\/v2\/pages"}],"about":[{"href":"https:\/\/cpablitas.educacion.navarra.es\/web\/wp-json\/wp\/v2\/types\/page"}],"author":[{"embeddable":true,"href":"https:\/\/cpablitas.educacion.navarra.es\/web\/wp-json\/wp\/v2\/users\/6"}],"replies":[{"embeddable":true,"href":"https:\/\/cpablitas.educacion.navarra.es\/web\/wp-json\/wp\/v2\/comments?post=8977"}],"version-history":[{"count":17,"href":"https:\/\/cpablitas.educacion.navarra.es\/web\/wp-json\/wp\/v2\/pages\/8977\/revisions"}],"predecessor-version":[{"id":10707,"href":"https:\/\/cpablitas.educacion.navarra.es\/web\/wp-json\/wp\/v2\/pages\/8977\/revisions\/10707"}],"wp:attachment":[{"href":"https:\/\/cpablitas.educacion.navarra.es\/web\/wp-json\/wp\/v2\/media?parent=8977"}],"curies":[{"name":"wp","href":"https:\/\/api.w.org\/{rel}","templated":true}]}}